{"id":1183,"date":"2016-09-05T19:26:14","date_gmt":"2016-09-05T19:26:14","guid":{"rendered":"http:\/\/demos.famethemes.com\/screenr\/?page_id=8"},"modified":"2025-08-22T18:39:24","modified_gmt":"2025-08-22T16:39:24","slug":"about","status":"publish","type":"page","link":"https:\/\/hkpbl.com\/index.php\/about\/","title":{"rendered":"O nama"},"content":{"rendered":"<p><span style=\"font-weight: 400;\">\u201cHKP Consulting\u201d d.o.o., preduze\u0107e registrovano za pru\u017eanje usluga projektovanja, nadzora i savjetovanja u gra\u0111enju, zapo\u010delo je sa radom po\u010detkom 2014. godine.<\/span><\/p>\n<p><span style=\"font-weight: 400;\"><br \/>\n<\/span><span style=\"font-weight: 400;\">Smje\u0161teni smo u u\u017eem centru grada u ulici Vidovdanska br. 8, neposredno pored sjedi\u0161ta Centralne banke BiH.\u00a0<\/span><\/p>\n<p><span style=\"font-weight: 400;\">Osnovne djelatnosti firme su razli\u010dite vrste nadzora, projektovanja i revizije (visokogradnja, niskogradnja, hidrotehnika, saobra\u0107aj i dr.), do za\u0161tite \u017eivotne sredine.<\/span><\/p>\n<p><span style=\"font-weight: 400;\">Prepoznav\u0161i rastu\u0107e potrebe investitora sa podru\u010dja\u00a0<\/span><span style=\"font-weight: 400;\">Bosne i Hercegovine<\/span><span style=\"font-weight: 400;\"> i \u0161ire, <\/span><span style=\"font-weight: 400;\">sa raspolo\u017eivim kadrovskim i materijalnim resursima,<\/span><span style=\"font-weight: 400;\"> od osnivanja do\u00a0<\/span><span style=\"font-weight: 400;\">danas<\/span><span style=\"font-weight: 400;\">\u00a0preduze\u0107e <\/span><span style=\"font-weight: 400;\">\u201cHKP Consulting\u201d <\/span><span style=\"font-weight: 400;\">\u00a0d. o. o. je\u00a0<\/span><span style=\"font-weight: 400;\">izgradilo<\/span><span style=\"font-weight: 400;\">\u00a0zavidnu tr\u017ei\u0161nu\u00a0<\/span><span style=\"font-weight: 400;\">poziciju<\/span><span style=\"font-weight: 400;\">, te trenutno pokriva\u00a0<\/span><span style=\"font-weight: 400;\">tr\u017ei\u0161te<\/span><span style=\"font-weight: 400;\">\u00a0Bosne i Hercegovina i susjednih zemalja.<\/span><\/p>\n","protected":false},"excerpt":{"rendered":"<p>\u201cHKP Consulting\u201d d.o.o., preduze\u0107e registrovano za pru\u017eanje usluga projektovanja, nadzora i savjetovanja u gra\u0111enju, zapo\u010delo je sa radom po\u010detkom 2014. godine. Smje\u0161teni smo u u\u017eem centru grada u ulici Vidovdanska br. 8, neposredno pored sjedi\u0161ta Centralne banke BiH.\u00a0 Osnovne djelatnosti firme su razli\u010dite vrste nadzora, projektovanja i revizije (visokogradnja, niskogradnja, hidrotehnika, saobra\u0107aj i dr.), do [&hellip;]<\/p>\n","protected":false},"author":6,"featured_media":0,"parent":0,"menu_order":0,"comment_status":"closed","ping_status":"closed","template":"","meta":{"footnotes":""},"class_list":["post-1183","page","type-page","status-publish","hentry"],"_links":{"self":[{"href":"https:\/\/hkpbl.com\/index.php\/wp-json\/wp\/v2\/pages\/1183"}],"collection":[{"href":"https:\/\/hkpbl.com\/index.php\/wp-json\/wp\/v2\/pages"}],"about":[{"href":"https:\/\/hkpbl.com\/index.php\/wp-json\/wp\/v2\/types\/page"}],"author":[{"embeddable":true,"href":"https:\/\/hkpbl.com\/index.php\/wp-json\/wp\/v2\/users\/6"}],"replies":[{"embeddable":true,"href":"https:\/\/hkpbl.com\/index.php\/wp-json\/wp\/v2\/comments?post=1183"}],"version-history":[{"count":5,"href":"https:\/\/hkpbl.com\/index.php\/wp-json\/wp\/v2\/pages\/1183\/revisions"}],"predecessor-version":[{"id":2670,"href":"https:\/\/hkpbl.com\/index.php\/wp-json\/wp\/v2\/pages\/1183\/revisions\/2670"}],"wp:attachment":[{"href":"https:\/\/hkpbl.com\/index.php\/wp-json\/wp\/v2\/media?parent=1183"}],"curies":[{"name":"wp","href":"https:\/\/api.w.org\/{rel}","templated":true}]}}