{"id":1407,"date":"2021-01-19T09:45:01","date_gmt":"2021-01-19T09:45:01","guid":{"rendered":"https:\/\/hkpbl.com\/?page_id=1407"},"modified":"2021-02-04T10:45:08","modified_gmt":"2021-02-04T10:45:08","slug":"revizija-tehnicke-dokumentacije","status":"publish","type":"page","link":"https:\/\/hkpbl.com\/index.php\/revizija-tehnicke-dokumentacije\/","title":{"rendered":"Revizija tehni\u010dke dokumentacije"},"content":{"rendered":"\t\t<div data-elementor-type=\"wp-page\" data-elementor-id=\"1407\" class=\"elementor elementor-1407\">\n\t\t\t\t\t\t\t\t\t<section class=\"elementor-section elementor-top-section elementor-element elementor-element-23443d50 elementor-section-boxed elementor-section-height-default elementor-section-height-default\" data-id=\"23443d50\" data-element_type=\"section\">\n\t\t\t\t\t\t<div class=\"elementor-container elementor-column-gap-default\">\n\t\t\t\t\t<div class=\"elementor-column elementor-col-100 elementor-top-column elementor-element elementor-element-7c3f418c\" data-id=\"7c3f418c\" data-element_type=\"column\">\n\t\t\t<div class=\"elementor-widget-wrap elementor-element-populated\">\n\t\t\t\t\t\t\t\t<div class=\"elementor-element elementor-element-23ae5a11 elementor-widget elementor-widget-text-editor\" data-id=\"23ae5a11\" data-element_type=\"widget\" data-widget_type=\"text-editor.default\">\n\t\t\t\t<div class=\"elementor-widget-container\">\n\t\t\t\t\t\t\t<!-- wp:paragraph -->\n<p>Vr\u0161imo sve vrste kontrole tehni\u010dke dokumentacije izra\u0111ene od strane drugih pravnih lica ovla\u0161tenih za izradu kako u Republci Srpskoj tako i u Federaciji BiH, a sve skladu sa va\u017ee\u0107im zakonskim propisima, pravilnicima , projektnim zadatkom klijenta i pravilima struke.\u00a0<\/p>\n<!-- \/wp:paragraph -->\t\t\t\t\t\t<\/div>\n\t\t\t\t<\/div>\n\t\t\t\t\t<\/div>\n\t\t<\/div>\n\t\t\t\t\t\t\t<\/div>\n\t\t<\/section>\n\t\t\t\t<section class=\"elementor-section elementor-top-section elementor-element elementor-element-03eeec4 elementor-section-boxed elementor-section-height-default elementor-section-height-default\" data-id=\"03eeec4\" data-element_type=\"section\">\n\t\t\t\t\t\t<div class=\"elementor-container elementor-column-gap-default\">\n\t\t\t\t\t<div class=\"elementor-column elementor-col-33 elementor-top-column elementor-element elementor-element-557a680\" data-id=\"557a680\" data-element_type=\"column\">\n\t\t\t<div class=\"elementor-widget-wrap elementor-element-populated\">\n\t\t\t\t\t\t\t\t<div class=\"elementor-element elementor-element-345395c elementor-view-default elementor-widget elementor-widget-icon\" data-id=\"345395c\" data-element_type=\"widget\" data-widget_type=\"icon.default\">\n\t\t\t\t<div class=\"elementor-widget-container\">\n\t\t\t\t\t<div class=\"elementor-icon-wrapper\">\n\t\t\t<div class=\"elementor-icon\">\n\t\t\t<i aria-hidden=\"true\" class=\"fas fa-eye\"><\/i>\t\t\t<\/div>\n\t\t<\/div>\n\t\t\t\t<\/div>\n\t\t\t\t<\/div>\n\t\t\t\t<div class=\"elementor-element elementor-element-00c7cbb elementor-widget elementor-widget-heading\" data-id=\"00c7cbb\" data-element_type=\"widget\" data-widget_type=\"heading.default\">\n\t\t\t\t<div class=\"elementor-widget-container\">\n\t\t\t<h3 class=\"elementor-heading-title elementor-size-default\">STRU\u010cNI NADZOR<\/h3>\t\t<\/div>\n\t\t\t\t<\/div>\n\t\t\t\t\t<\/div>\n\t\t<\/div>\n\t\t\t\t<div class=\"elementor-column elementor-col-33 elementor-top-column elementor-element elementor-element-7076864\" data-id=\"7076864\" data-element_type=\"column\">\n\t\t\t<div class=\"elementor-widget-wrap elementor-element-populated\">\n\t\t\t\t\t\t\t\t<div class=\"elementor-element elementor-element-d426dd8 elementor-view-default elementor-widget elementor-widget-icon\" data-id=\"d426dd8\" data-element_type=\"widget\" data-widget_type=\"icon.default\">\n\t\t\t\t<div class=\"elementor-widget-container\">\n\t\t\t\t\t<div class=\"elementor-icon-wrapper\">\n\t\t\t<div class=\"elementor-icon\">\n\t\t\t<i aria-hidden=\"true\" class=\"fas fa-comments\"><\/i>\t\t\t<\/div>\n\t\t<\/div>\n\t\t\t\t<\/div>\n\t\t\t\t<\/div>\n\t\t\t\t<div class=\"elementor-element elementor-element-bb07ff1 elementor-widget elementor-widget-heading\" data-id=\"bb07ff1\" data-element_type=\"widget\" data-widget_type=\"heading.default\">\n\t\t\t\t<div class=\"elementor-widget-container\">\n\t\t\t<h3 class=\"elementor-heading-title elementor-size-default\">KONSALTING<\/h3>\t\t<\/div>\n\t\t\t\t<\/div>\n\t\t\t\t\t<\/div>\n\t\t<\/div>\n\t\t\t\t<div class=\"elementor-column elementor-col-33 elementor-top-column elementor-element elementor-element-e7efef8\" data-id=\"e7efef8\" data-element_type=\"column\">\n\t\t\t<div class=\"elementor-widget-wrap elementor-element-populated\">\n\t\t\t\t\t\t\t\t<div class=\"elementor-element elementor-element-eda9d0f elementor-view-default elementor-widget elementor-widget-icon\" data-id=\"eda9d0f\" data-element_type=\"widget\" data-widget_type=\"icon.default\">\n\t\t\t\t<div class=\"elementor-widget-container\">\n\t\t\t\t\t<div class=\"elementor-icon-wrapper\">\n\t\t\t<div class=\"elementor-icon\">\n\t\t\t<i aria-hidden=\"true\" class=\"fas fa-star\"><\/i>\t\t\t<\/div>\n\t\t<\/div>\n\t\t\t\t<\/div>\n\t\t\t\t<\/div>\n\t\t\t\t<div class=\"elementor-element elementor-element-2704173 elementor-widget elementor-widget-heading\" data-id=\"2704173\" data-element_type=\"widget\" data-widget_type=\"heading.default\">\n\t\t\t\t<div class=\"elementor-widget-container\">\n\t\t\t<h3 class=\"elementor-heading-title elementor-size-default\">PRAVNO SAVJETOVANJE<\/h3>\t\t<\/div>\n\t\t\t\t<\/div>\n\t\t\t\t\t<\/div>\n\t\t<\/div>\n\t\t\t\t\t\t\t<\/div>\n\t\t<\/section>\n\t\t\t\t\t\t\t<\/div>\n\t\t","protected":false},"excerpt":{"rendered":"<p>Vr\u0161imo sve vrste kontrole tehni\u010dke dokumentacije izra\u0111ene od strane drugih pravnih lica ovla\u0161tenih za izradu kako u Republci Srpskoj tako i u Federaciji BiH, a sve skladu sa va\u017ee\u0107im zakonskim propisima, pravilnicima , projektnim zadatkom klijenta i pravilima struke.\u00a0 STRU\u010cNI NADZOR KONSALTING PRAVNO SAVJETOVANJE<\/p>\n","protected":false},"author":2,"featured_media":0,"parent":0,"menu_order":0,"comment_status":"closed","ping_status":"closed","template":"","meta":{"footnotes":""},"class_list":["post-1407","page","type-page","status-publish","hentry"],"_links":{"self":[{"href":"https:\/\/hkpbl.com\/index.php\/wp-json\/wp\/v2\/pages\/1407"}],"collection":[{"href":"https:\/\/hkpbl.com\/index.php\/wp-json\/wp\/v2\/pages"}],"about":[{"href":"https:\/\/hkpbl.com\/index.php\/wp-json\/wp\/v2\/types\/page"}],"author":[{"embeddable":true,"href":"https:\/\/hkpbl.com\/index.php\/wp-json\/wp\/v2\/users\/2"}],"replies":[{"embeddable":true,"href":"https:\/\/hkpbl.com\/index.php\/wp-json\/wp\/v2\/comments?post=1407"}],"version-history":[{"count":11,"href":"https:\/\/hkpbl.com\/index.php\/wp-json\/wp\/v2\/pages\/1407\/revisions"}],"predecessor-version":[{"id":2370,"href":"https:\/\/hkpbl.com\/index.php\/wp-json\/wp\/v2\/pages\/1407\/revisions\/2370"}],"wp:attachment":[{"href":"https:\/\/hkpbl.com\/index.php\/wp-json\/wp\/v2\/media?parent=1407"}],"curies":[{"name":"wp","href":"https:\/\/api.w.org\/{rel}","templated":true}]}}