{"id":1410,"date":"2021-01-19T09:46:34","date_gmt":"2021-01-19T09:46:34","guid":{"rendered":"https:\/\/hkpbl.com\/?page_id=1410"},"modified":"2021-03-29T13:40:39","modified_gmt":"2021-03-29T13:40:39","slug":"strucni-nadzor","status":"publish","type":"page","link":"https:\/\/hkpbl.com\/index.php\/strucni-nadzor\/","title":{"rendered":"Stru\u010dni nadzor"},"content":{"rendered":"\t\t<div data-elementor-type=\"wp-page\" data-elementor-id=\"1410\" class=\"elementor elementor-1410\">\n\t\t\t\t\t\t\t\t\t<section class=\"elementor-section elementor-top-section elementor-element elementor-element-30091c9c elementor-section-boxed elementor-section-height-default elementor-section-height-default\" data-id=\"30091c9c\" data-element_type=\"section\">\n\t\t\t\t\t\t<div class=\"elementor-container elementor-column-gap-default\">\n\t\t\t\t\t<div class=\"elementor-column elementor-col-100 elementor-top-column elementor-element elementor-element-5da84f57\" data-id=\"5da84f57\" data-element_type=\"column\">\n\t\t\t<div class=\"elementor-widget-wrap elementor-element-populated\">\n\t\t\t\t\t\t\t\t<div class=\"elementor-element elementor-element-3706a4c elementor-widget elementor-widget-text-editor\" data-id=\"3706a4c\" data-element_type=\"widget\" data-widget_type=\"text-editor.default\">\n\t\t\t\t<div class=\"elementor-widget-container\">\n\t\t\t\t\t\t\t<!-- wp:paragraph -->\n<p>Na\u0161 tim in\u017einjera vr\u0161i usluge stru\u010dnog nadzora nad gra\u0111enjem\u00a0 hidrotehni\u010dkih objekata te objekata\u00a0 niskogradnje i visokogradnje.<\/p>\n<p>Kompletnost i multidisciplinarnost tima omogu\u0107ava efikasno vo\u0111enje ovih usluga, bez suvi\u0161nih koraka, a kao rezultat se posti\u017ee kvalitetan objekat u skladu sa projektnom dokumentacijom i gra\u0111evinskom dozvolom.<\/p>\n<!-- \/wp:paragraph --><!-- wp:paragraph -->\n<p>Pored navedenog, pratimo vremensku i finansijsku realizaciju projekata.\u00a0\u00a0<\/p>\n<!-- \/wp:paragraph --><!-- wp:paragraph -->\n<p>Vr\u0161imo i uslugu projektantskog nadzora, posebno kod zahtjevnih i kompleksnih objekata, kod kojih je akcenat stavljen na dizajnerski aspekt.<\/p>\n<!-- \/wp:paragraph -->\t\t\t\t\t\t<\/div>\n\t\t\t\t<\/div>\n\t\t\t\t\t<\/div>\n\t\t<\/div>\n\t\t\t\t\t\t\t<\/div>\n\t\t<\/section>\n\t\t\t\t\t\t\t<\/div>\n\t\t","protected":false},"excerpt":{"rendered":"<p>Na\u0161 tim in\u017einjera vr\u0161i usluge stru\u010dnog nadzora nad gra\u0111enjem&nbsp; hidrotehni\u010dkih objekata te objekata&nbsp; niskogradnje i visokogradnje. Kompletnost i multidisciplinarnost tima omogu\u0107ava efikasno vo\u0111enje ovih usluga, bez suvi\u0161nih koraka, a kao rezultat se posti\u017ee kvalitetan objekat u skladu sa projektnom dokumentacijom i gra\u0111evinskom dozvolom. Pored navedenog, pratimo vremensku i finansijsku realizaciju projekata.&nbsp;&nbsp; Vr\u0161imo i uslugu projektantskog [&hellip;]<\/p>\n","protected":false},"author":2,"featured_media":2184,"parent":0,"menu_order":0,"comment_status":"closed","ping_status":"closed","template":"","meta":{"footnotes":""},"class_list":["post-1410","page","type-page","status-publish","has-post-thumbnail","hentry"],"_links":{"self":[{"href":"https:\/\/hkpbl.com\/index.php\/wp-json\/wp\/v2\/pages\/1410"}],"collection":[{"href":"https:\/\/hkpbl.com\/index.php\/wp-json\/wp\/v2\/pages"}],"about":[{"href":"https:\/\/hkpbl.com\/index.php\/wp-json\/wp\/v2\/types\/page"}],"author":[{"embeddable":true,"href":"https:\/\/hkpbl.com\/index.php\/wp-json\/wp\/v2\/users\/2"}],"replies":[{"embeddable":true,"href":"https:\/\/hkpbl.com\/index.php\/wp-json\/wp\/v2\/comments?post=1410"}],"version-history":[{"count":5,"href":"https:\/\/hkpbl.com\/index.php\/wp-json\/wp\/v2\/pages\/1410\/revisions"}],"predecessor-version":[{"id":2392,"href":"https:\/\/hkpbl.com\/index.php\/wp-json\/wp\/v2\/pages\/1410\/revisions\/2392"}],"wp:featuredmedia":[{"embeddable":true,"href":"https:\/\/hkpbl.com\/index.php\/wp-json\/wp\/v2\/media\/2184"}],"wp:attachment":[{"href":"https:\/\/hkpbl.com\/index.php\/wp-json\/wp\/v2\/media?parent=1410"}],"curies":[{"name":"wp","href":"https:\/\/api.w.org\/{rel}","templated":true}]}}