{"id":1456,"date":"2021-01-19T10:17:53","date_gmt":"2021-01-19T10:17:53","guid":{"rendered":"https:\/\/hkpbl.com\/?page_id=1456"},"modified":"2021-02-07T09:10:48","modified_gmt":"2021-02-07T09:10:48","slug":"niskogradnja","status":"publish","type":"page","link":"https:\/\/hkpbl.com\/index.php\/niskogradnja\/","title":{"rendered":"Niskogradnja"},"content":{"rendered":"\t\t<div data-elementor-type=\"wp-page\" data-elementor-id=\"1456\" class=\"elementor elementor-1456\">\n\t\t\t\t\t\t\t\t\t<section class=\"elementor-section elementor-top-section elementor-element elementor-element-d185b10 elementor-section-boxed elementor-section-height-default elementor-section-height-default\" data-id=\"d185b10\" data-element_type=\"section\">\n\t\t\t\t\t\t<div class=\"elementor-container elementor-column-gap-default\">\n\t\t\t\t\t<div class=\"elementor-column elementor-col-100 elementor-top-column elementor-element elementor-element-4620bfb\" data-id=\"4620bfb\" data-element_type=\"column\">\n\t\t\t<div class=\"elementor-widget-wrap elementor-element-populated\">\n\t\t\t\t\t\t\t\t<div class=\"elementor-element elementor-element-921d180 elementor-widget elementor-widget-text-editor\" data-id=\"921d180\" data-element_type=\"widget\" data-widget_type=\"text-editor.default\">\n\t\t\t\t<div class=\"elementor-widget-container\">\n\t\t\t\t\t\t\t<p>Vr\u0161imo sve \u00a0usluge projektovanja i konsaltinga u niskogradnji.<\/p><p>Usluge koje mo\u017eemo ponuditi klijentima iz ove oblasti su:<\/p><ul><li>Projekti saobra\u0107ajnica svih rangova;<\/li><li>Projekti rekonstrukcija i rehabilitacija javnih puteva;<\/li><li>Projekti raskrsnica i priklju\u010daka;<\/li><li>Projekti rekonstrukcija raskrsnica;<\/li><li>Projekti vanjiskih ure\u0111enja i sl.;<\/li><\/ul>\t\t\t\t\t\t<\/div>\n\t\t\t\t<\/div>\n\t\t\t\t\t<\/div>\n\t\t<\/div>\n\t\t\t\t\t\t\t<\/div>\n\t\t<\/section>\n\t\t\t\t\t\t\t<\/div>\n\t\t","protected":false},"excerpt":{"rendered":"<p>Vr\u0161imo sve \u00a0usluge projektovanja i konsaltinga u niskogradnji. Usluge koje mo\u017eemo ponuditi klijentima iz ove oblasti su: Projekti saobra\u0107ajnica svih rangova; Projekti rekonstrukcija i rehabilitacija javnih puteva; Projekti raskrsnica i priklju\u010daka; Projekti rekonstrukcija raskrsnica; Projekti vanjiskih ure\u0111enja i sl.;<\/p>\n","protected":false},"author":2,"featured_media":0,"parent":0,"menu_order":0,"comment_status":"closed","ping_status":"closed","template":"","meta":{"footnotes":""},"class_list":["post-1456","page","type-page","status-publish","hentry"],"_links":{"self":[{"href":"https:\/\/hkpbl.com\/index.php\/wp-json\/wp\/v2\/pages\/1456"}],"collection":[{"href":"https:\/\/hkpbl.com\/index.php\/wp-json\/wp\/v2\/pages"}],"about":[{"href":"https:\/\/hkpbl.com\/index.php\/wp-json\/wp\/v2\/types\/page"}],"author":[{"embeddable":true,"href":"https:\/\/hkpbl.com\/index.php\/wp-json\/wp\/v2\/users\/2"}],"replies":[{"embeddable":true,"href":"https:\/\/hkpbl.com\/index.php\/wp-json\/wp\/v2\/comments?post=1456"}],"version-history":[{"count":4,"href":"https:\/\/hkpbl.com\/index.php\/wp-json\/wp\/v2\/pages\/1456\/revisions"}],"predecessor-version":[{"id":1747,"href":"https:\/\/hkpbl.com\/index.php\/wp-json\/wp\/v2\/pages\/1456\/revisions\/1747"}],"wp:attachment":[{"href":"https:\/\/hkpbl.com\/index.php\/wp-json\/wp\/v2\/media?parent=1456"}],"curies":[{"name":"wp","href":"https:\/\/api.w.org\/{rel}","templated":true}]}}