{"id":1458,"date":"2021-01-19T10:18:29","date_gmt":"2021-01-19T10:18:29","guid":{"rendered":"https:\/\/hkpbl.com\/?page_id=1458"},"modified":"2021-02-07T09:09:46","modified_gmt":"2021-02-07T09:09:46","slug":"hidrotehnicka-faza","status":"publish","type":"page","link":"https:\/\/hkpbl.com\/index.php\/hidrotehnicka-faza\/","title":{"rendered":"Hidrotehni\u010dka faza"},"content":{"rendered":"\t\t<div data-elementor-type=\"wp-page\" data-elementor-id=\"1458\" class=\"elementor elementor-1458\">\n\t\t\t\t\t\t\t\t\t<section class=\"elementor-section elementor-top-section elementor-element elementor-element-49f38839 elementor-section-boxed elementor-section-height-default elementor-section-height-default\" data-id=\"49f38839\" data-element_type=\"section\">\n\t\t\t\t\t\t<div class=\"elementor-container elementor-column-gap-default\">\n\t\t\t\t\t<div class=\"elementor-column elementor-col-100 elementor-top-column elementor-element elementor-element-23327f86\" data-id=\"23327f86\" data-element_type=\"column\">\n\t\t\t<div class=\"elementor-widget-wrap elementor-element-populated\">\n\t\t\t\t\t\t\t\t<div class=\"elementor-element elementor-element-172539ed elementor-widget elementor-widget-text-editor\" data-id=\"172539ed\" data-element_type=\"widget\" data-widget_type=\"text-editor.default\">\n\t\t\t\t<div class=\"elementor-widget-container\">\n\t\t\t\t\t\t\t<p>Od samih svojih po\u010detaka preduze\u0107e HKP Consulting profilisalo se za izradunidrotehni\u010dkih objekata.<br \/>U ovoj oblasti izradili smo i veliki broj projekata obaloutvrda, regulacije vodotoka, nasipa, kanala, pumpnih stanica, cjevovoda, ure\u0111aja za pro\u010di\u0161\u0107avanje, te elaborata odr\u017eavanja i \u010di\u0161\u0107enja vodotoka.<\/p>\n<p>Kao stru\u010dni konsultant klijentima nudimo cjelokupnu uslugu, od izrade preliminarnih analiza, planova i procjena, preko projektovanja do vo\u0111enja cjelokupnog projekta do upotrebne dozvole.<\/p>\t\t\t\t\t\t<\/div>\n\t\t\t\t<\/div>\n\t\t\t\t\t<\/div>\n\t\t<\/div>\n\t\t\t\t\t\t\t<\/div>\n\t\t<\/section>\n\t\t\t\t\t\t\t<\/div>\n\t\t","protected":false},"excerpt":{"rendered":"<p>Od samih svojih po\u010detaka preduze\u0107e HKP Consulting profilisalo se za izradunidrotehni\u010dkih objekata.U ovoj oblasti izradili smo i veliki broj projekata obaloutvrda, regulacije vodotoka, nasipa, kanala, pumpnih stanica, cjevovoda, ure\u0111aja za pro\u010di\u0161\u0107avanje, te elaborata odr\u017eavanja i \u010di\u0161\u0107enja vodotoka. Kao stru\u010dni konsultant klijentima nudimo cjelokupnu uslugu, od izrade preliminarnih analiza, planova i procjena, preko projektovanja do vo\u0111enja [&hellip;]<\/p>\n","protected":false},"author":2,"featured_media":0,"parent":0,"menu_order":0,"comment_status":"closed","ping_status":"closed","template":"","meta":{"footnotes":""},"class_list":["post-1458","page","type-page","status-publish","hentry"],"_links":{"self":[{"href":"https:\/\/hkpbl.com\/index.php\/wp-json\/wp\/v2\/pages\/1458"}],"collection":[{"href":"https:\/\/hkpbl.com\/index.php\/wp-json\/wp\/v2\/pages"}],"about":[{"href":"https:\/\/hkpbl.com\/index.php\/wp-json\/wp\/v2\/types\/page"}],"author":[{"embeddable":true,"href":"https:\/\/hkpbl.com\/index.php\/wp-json\/wp\/v2\/users\/2"}],"replies":[{"embeddable":true,"href":"https:\/\/hkpbl.com\/index.php\/wp-json\/wp\/v2\/comments?post=1458"}],"version-history":[{"count":5,"href":"https:\/\/hkpbl.com\/index.php\/wp-json\/wp\/v2\/pages\/1458\/revisions"}],"predecessor-version":[{"id":1744,"href":"https:\/\/hkpbl.com\/index.php\/wp-json\/wp\/v2\/pages\/1458\/revisions\/1744"}],"wp:attachment":[{"href":"https:\/\/hkpbl.com\/index.php\/wp-json\/wp\/v2\/media?parent=1458"}],"curies":[{"name":"wp","href":"https:\/\/api.w.org\/{rel}","templated":true}]}}