{"id":1460,"date":"2021-01-19T10:18:50","date_gmt":"2021-01-19T10:18:50","guid":{"rendered":"https:\/\/hkpbl.com\/?page_id=1460"},"modified":"2021-02-07T09:13:53","modified_gmt":"2021-02-07T09:13:53","slug":"saobracajna-signalizacija","status":"publish","type":"page","link":"https:\/\/hkpbl.com\/index.php\/saobracajna-signalizacija\/","title":{"rendered":"Saobra\u0107ajna signalizacija"},"content":{"rendered":"\t\t<div data-elementor-type=\"wp-page\" data-elementor-id=\"1460\" class=\"elementor elementor-1460\">\n\t\t\t\t\t\t\t\t\t<section class=\"elementor-section elementor-top-section elementor-element elementor-element-d3ae053 elementor-section-boxed elementor-section-height-default elementor-section-height-default\" data-id=\"d3ae053\" data-element_type=\"section\">\n\t\t\t\t\t\t<div class=\"elementor-container elementor-column-gap-default\">\n\t\t\t\t\t<div class=\"elementor-column elementor-col-100 elementor-top-column elementor-element elementor-element-b496ec1\" data-id=\"b496ec1\" data-element_type=\"column\">\n\t\t\t<div class=\"elementor-widget-wrap elementor-element-populated\">\n\t\t\t\t\t\t\t\t<div class=\"elementor-element elementor-element-0b5650d elementor-widget elementor-widget-text-editor\" data-id=\"0b5650d\" data-element_type=\"widget\" data-widget_type=\"text-editor.default\">\n\t\t\t\t<div class=\"elementor-widget-container\">\n\t\t\t\t\t\t\t<p>Izra\u0111ujemo sve vrste saobra\u0107ajnih projekata i saobra\u0107ajnih rje\u0161enja.<\/p><p>Usluge koje mo\u017eemo ponuditi klijentima iz ove oblasti su:<\/p><ul><li>Elaborati bezbjednosti saobra\u0107aja u urbanim sredinama;<\/li><li>Elaborati za postavljanje privremene saobra\u0107ajne signalizacije za vrijeme izvo\u0111enja radova;<\/li><li>Istra\u017eivanje i unapre\u0111enje upravljanja rizicima bezbjednosti u saobra\u0107aju;<\/li><li>Saobra\u0107ajna rje\u0161enja &#8211; projekti\u00a0priklju\u010dka na javni put;<\/li><li>Elaborati za vanredni prevoz tereta;<\/li><li>Projektovanje i postavljanje saobra\u0107ajne signalizacije i opreme na javnim putevima;<\/li><li>Ekspertize i stru\u010dne analize saobra\u0107ajnih nezgoda i prevencija nezgoda u saobra\u0107aju;<\/li><li>Elaborati upravljanja i istra\u017eivanja bezbjednosti u saobra\u0107aju;<\/li><li>Revizija i inspekcija bezbjednosti u saobra\u0107aju;<\/li><li>Studije bezbjednosti i za\u0161titi okoline u saobra\u0107aju i transportu;<\/li><li>Studije slu\u010daja &#8211; analize ranjivih u\u010desnika u saobra\u0107aju (pje\u0161aka, biciklista, djece, invalidnih osoba i sl.);<\/li><li>Procjene vrijednosti \u0161tete motornih vozila, vozova i dr. vozila;<\/li><li>Programi bezbjednosti saobra\u0107aja;<\/li><\/ul>\t\t\t\t\t\t<\/div>\n\t\t\t\t<\/div>\n\t\t\t\t\t<\/div>\n\t\t<\/div>\n\t\t\t\t\t\t\t<\/div>\n\t\t<\/section>\n\t\t\t\t\t\t\t<\/div>\n\t\t","protected":false},"excerpt":{"rendered":"<p>Izra\u0111ujemo sve vrste saobra\u0107ajnih projekata i saobra\u0107ajnih rje\u0161enja. Usluge koje mo\u017eemo ponuditi klijentima iz ove oblasti su: Elaborati bezbjednosti saobra\u0107aja u urbanim sredinama; Elaborati za postavljanje privremene saobra\u0107ajne signalizacije za vrijeme izvo\u0111enja radova; Istra\u017eivanje i unapre\u0111enje upravljanja rizicima bezbjednosti u saobra\u0107aju; Saobra\u0107ajna rje\u0161enja &#8211; projekti\u00a0priklju\u010dka na javni put; Elaborati za vanredni prevoz tereta; Projektovanje i [&hellip;]<\/p>\n","protected":false},"author":2,"featured_media":0,"parent":0,"menu_order":0,"comment_status":"closed","ping_status":"closed","template":"","meta":{"footnotes":""},"class_list":["post-1460","page","type-page","status-publish","hentry"],"_links":{"self":[{"href":"https:\/\/hkpbl.com\/index.php\/wp-json\/wp\/v2\/pages\/1460"}],"collection":[{"href":"https:\/\/hkpbl.com\/index.php\/wp-json\/wp\/v2\/pages"}],"about":[{"href":"https:\/\/hkpbl.com\/index.php\/wp-json\/wp\/v2\/types\/page"}],"author":[{"embeddable":true,"href":"https:\/\/hkpbl.com\/index.php\/wp-json\/wp\/v2\/users\/2"}],"replies":[{"embeddable":true,"href":"https:\/\/hkpbl.com\/index.php\/wp-json\/wp\/v2\/comments?post=1460"}],"version-history":[{"count":4,"href":"https:\/\/hkpbl.com\/index.php\/wp-json\/wp\/v2\/pages\/1460\/revisions"}],"predecessor-version":[{"id":1750,"href":"https:\/\/hkpbl.com\/index.php\/wp-json\/wp\/v2\/pages\/1460\/revisions\/1750"}],"wp:attachment":[{"href":"https:\/\/hkpbl.com\/index.php\/wp-json\/wp\/v2\/media?parent=1460"}],"curies":[{"name":"wp","href":"https:\/\/api.w.org\/{rel}","templated":true}]}}