{"id":1571,"date":"2021-01-28T10:04:30","date_gmt":"2021-01-28T10:04:30","guid":{"rendered":"https:\/\/hkpbl.com\/?page_id=1571"},"modified":"2021-01-28T10:05:05","modified_gmt":"2021-01-28T10:05:05","slug":"hidrotehnika","status":"publish","type":"page","link":"https:\/\/hkpbl.com\/index.php\/hidrotehnika\/","title":{"rendered":"HIDROTEHNIKA"},"content":{"rendered":"\t\t<div data-elementor-type=\"wp-page\" data-elementor-id=\"1571\" class=\"elementor elementor-1571\">\n\t\t\t\t\t\t\t\t\t<section class=\"elementor-section elementor-top-section elementor-element elementor-element-f9de382 elementor-section-boxed elementor-section-height-default elementor-section-height-default\" data-id=\"f9de382\" data-element_type=\"section\">\n\t\t\t\t\t\t<div class=\"elementor-container elementor-column-gap-default\">\n\t\t\t\t\t<div class=\"elementor-column elementor-col-100 elementor-top-column elementor-element elementor-element-e31098c\" data-id=\"e31098c\" data-element_type=\"column\">\n\t\t\t<div class=\"elementor-widget-wrap elementor-element-populated\">\n\t\t\t\t\t\t\t\t<div class=\"elementor-element elementor-element-7776de4 elementor-widget elementor-widget-text-editor\" data-id=\"7776de4\" data-element_type=\"widget\" data-widget_type=\"text-editor.default\">\n\t\t\t\t<div class=\"elementor-widget-container\">\n\t\t\t\t\t\t\t<table width=\"96%\"><tbody><tr><td width=\"8%\"><p>1.\u00a0 \u00a0<\/p><\/td><td width=\"39%\"><p>Usluge supervizije-nastavak (nadzor nad radovima i izvje\u0161tavanje) na projektu \u201eVodovod i kanalizacija u Republici Srpskoj\u201c, s identifikacionim brojem 2018\/S 010-017328, (Podugovara\u010d za fazu hidrotehnike)<\/p><\/td><td width=\"29%\"><p>Ministarstvo finansija Republike Srpske, Trg Republike Srpske 1,<\/p><p>78 000 Banja Luka<\/p><\/td><td width=\"22%\"><p>Septembar 2018-Septembar 2022.<\/p><\/td><\/tr><tr><td width=\"8%\"><p>2.\u00a0 \u00a0<\/p><\/td><td width=\"39%\"><p>LOT 1: Izrada Glavnog projekta regulacije korita i u\u0161\u0107a rijeke Jablanice<\/p><\/td><td width=\"29%\"><p>Op\u0107ina Maglaj<\/p><\/td><td width=\"22%\"><p>Avgust-Decembar 2020.<\/p><\/td><\/tr><tr><td width=\"8%\"><p>3.\u00a0 \u00a0<\/p><\/td><td width=\"39%\"><p>Vr\u0161enje stru\u010dnog nadzora nad izgradnjom Drinskog nasipa u okviru deonice 2, regulacija rijeke Janje i mosta na rijeci Janji<\/p><\/td><td width=\"29%\"><p>Ministarstvo poljoprivrede, vodoprivrede i \u0161umarstva RS, Jedinica za koordinaciju poljoprivrednih projekata APCU<\/p><\/td><td width=\"22%\"><p>Maj 2019 &#8211; Juli<\/p><p>2020.<\/p><\/td><\/tr><tr><td width=\"8%\"><p>4.\u00a0 \u00a0<\/p><\/td><td width=\"39%\"><p>Vr\u0161enje stru\u010dno-tehni\u010dkog nadzora na radovima &#8211; sanacija ru\u0161evnih obala rijeke Drine na podru\u010dju Semberije, Grad Bijeljina u du\u017eini od 7,8 km, u ovkiru projekta odbrane od poplava rijeke Drine u BiH, osnovni ugovor br. BA-DFPP-IDA-5444-CQ-BL-CS-19-011<\/p><\/td><td width=\"29%\"><p>Ministarstvo poljoprivrede, vodoprivrede i \u0161umarstva RS, Jedinica za koordinaciju poljoprivrednih projekata APCU<\/p><\/td><td width=\"22%\"><p>Maj 2019 &#8211; Juli<\/p><p>2020.<\/p><\/td><\/tr><tr><td width=\"8%\"><p>5.\u00a0 \u00a0<\/p><\/td><td width=\"39%\"><p>Izrada urbanisti\u010dko-tehni\u010dkih uslova i projektne dokumentacije vodosnabdijevanja, projekat VODA 2<\/p><\/td><td width=\"29%\"><p>Grad Banja Luka<\/p><\/td><td width=\"22%\"><p>Maj &#8211; Juli<\/p><p>2020.<\/p><\/td><\/tr><tr><td width=\"8%\"><p>6.\u00a0 \u00a0<\/p><\/td><td width=\"39%\"><p>Izrada UTU-a i stru\u010dnog mi\u0161ljenja za ure\u0111enje vodnog\u00a0 re\u017eima i korita rijeke Vrbas na teritoriji op\u0161tine Lakta\u0161i od izgra\u0111ene obaloutvrde na desnoj obali rijeke Vrbas u Velikom Bla\u0161ku uzvodno od naseljenog mjesta Trn, granica k.o. Zalu\u017eani i k.o. Prije\u010dani i UTU-a i stru\u010dnog mi\u0161ljenja za ure\u0111enje vodnog re\u017eima i korita rijeke Turjanice na teritoriji op\u0161tine Lakta\u0161i od u\u0161\u0107a u rijeku Vrbas uzvodno 9 km<\/p><\/td><td width=\"29%\"><p>Op\u0161tina Lakta\u0161i<\/p><\/td><td width=\"22%\"><p>Januar &#8211; Mart<\/p><p>2020.<\/p><\/td><\/tr><tr><td width=\"8%\"><p>7.\u00a0 \u00a0<\/p><\/td><td width=\"39%\"><p>Izrada glavnog projekta sanacije obale rijeke Ukrine i klizi\u0161ta nasipa<\/p><\/td><td width=\"29%\"><p>\u201cPrijedorputevi\u201d a.d.<\/p><p>Prijedor<\/p><\/td><td width=\"22%\"><p>Septembar 2019-Januar 2020.<\/p><\/td><\/tr><tr><td width=\"8%\"><p>8.\u00a0 \u00a0<\/p><\/td><td width=\"39%\"><p>Izrada tehni\u010dke dokumentacije:<\/p><p>Idejni projekat i planska dokumentacija, Stu\u010dno mi\u0161ljenje i urbanisti\u010dko tehni\u010dki uslovi za Vodovod Bakinci-podsistem vodovodnog sistema Maglajani<\/p><\/td><td width=\"29%\"><p>Op\u0161tina Lakta\u0161i<\/p><\/td><td width=\"22%\"><p>Novembar 2019 -Januar 2020.<\/p><\/td><\/tr><tr><td width=\"8%\"><p>9.\u00a0 \u00a0<\/p><\/td><td width=\"39%\"><p>Izrada glavnog projekta sanacije gradske vodovodne mre\u017ee u Fo\u010di<\/p><\/td><td width=\"29%\"><p>EKO-EURO TIM d.o.o.<\/p><p>Krupa na Vrbasu<\/p><\/td><td width=\"22%\"><p>Avgust-Novembar 2019.<\/p><\/td><\/tr><tr><td width=\"8%\"><p>10.\u00a0\u00a0 \u00a0<\/p><\/td><td width=\"39%\"><p>Usluge vr\u0161enja kontrole\/revizije tehni\u010dke dokumentacije sistema navodnjavanja u Op\u0107ini \u017dep\u010de<\/p><\/td><td width=\"29%\"><p>Federalno ministarstvo poljoprivrede, vodoprivrede i \u0161umarstva PIU \u0160umarstva i Poljoprivrede, Projekt razvoja navodnjavanja (IDP), 71 000 Sarajevo, Bosna i Hercegovina<\/p><\/td><td width=\"22%\"><p>Juli-Septembar<\/p><p>2019.<\/p><\/td><\/tr><tr><td width=\"8%\"><p>11.\u00a0\u00a0 \u00a0<\/p><\/td><td width=\"39%\"><p>Izrada Idejnog projekta sanacije i rekonstrukcije vodovodnog sistema\u00a0 Han Pijesak<\/p><\/td><td width=\"29%\"><p>Op\u0161tina Han Pijesak<\/p><\/td><td width=\"22%\"><p>April &#8211; Avgust<\/p><p>2019.<\/p><\/td><\/tr><tr><td width=\"8%\"><p>12.\u00a0\u00a0 \u00a0<\/p><\/td><td width=\"39%\"><p>Izmjena i dopuna projekta rekonstrukcije gradske vodovodne mre\u017ee u Vi\u0161egradu (podugovara\u010d)<\/p><\/td><td width=\"29%\"><p>Op\u0161tina Vi\u0161egrad<\/p><\/td><td width=\"22%\"><p>Februar &#8211; Avgust<\/p><p>2019.<\/p><\/td><\/tr><tr><td width=\"8%\"><p>13.\u00a0\u00a0 \u00a0<\/p><\/td><td width=\"39%\"><p>Izrada projekta za sistem navodnjavanja u podprojektnom podru\u010dju Op\u0107ine Sanski Most i Nadzor nad radovima, RFP br.: BA-IDP-IDA50980-CQ-CS-17-I.H.2.2<\/p><p>(Podugovara\u010d za fazu hidrotehnike)<\/p><\/td><td width=\"29%\"><p>Federalno ministarstvo poljoprivrede, vodoprivrede i \u0161umarstva PIU \u0160umarstva i Poljoprivrede, Projekt razvoja navodnjavanja (IDP), 71 000 Sarajevo, Bosna i Hercegovina<\/p><\/td><td width=\"22%\"><p>Septembar 2018 &#8211;<\/p><p>Septembar 2019.<\/p><p>\u00a0<\/p><\/td><\/tr><tr><td width=\"8%\"><p>14.\u00a0\u00a0 \u00a0<\/p><\/td><td width=\"39%\"><p>Izrada Glavnog projekta sanacije desne ru\u0161evne obale rijeke Vrbas na lokalitetu uzvodno od mosta u Kla\u0161nicama<\/p><\/td><td width=\"29%\"><p>EKO-EURO TIM d.o.o.<\/p><p>Krupa na Vrbasu<\/p><\/td><td width=\"22%\"><p>Jul &#8211; Avgust<\/p><p>2019.<\/p><\/td><\/tr><tr><td width=\"8%\"><p>15.\u00a0\u00a0 \u00a0<\/p><\/td><td width=\"39%\"><p>Izrada Glavnog projekta sanacije objekata, op\u0161tina \u010celinac &#8211; Lot 1<\/p><p>&#8211; \u010ci\u0161\u0107enje korita rijeke Jo\u0161avke<\/p><\/td><td width=\"29%\"><p>EKO-EURO TIM d.o.o.<\/p><p>Krupa na Vrbasu<\/p><\/td><td width=\"22%\"><p>Mart &#8211; April<\/p><p>2018.<\/p><\/td><\/tr><tr><td width=\"8%\"><p>16.\u00a0\u00a0 \u00a0<\/p><\/td><td width=\"39%\"><p>Izrada glavnog projekta sanacije rije\u010dnih obala, op\u0161tina Tesli\u0107<\/p><\/td><td width=\"29%\"><p>EKO-EURO TIM d.o.o.<\/p><p>Krupa na Vrbasu<\/p><\/td><td width=\"22%\"><p>Maj &#8211; Jun<\/p><p>2018.<\/p><\/td><\/tr><tr><td width=\"8%\"><p>17.\u00a0\u00a0 \u00a0<\/p><\/td><td width=\"39%\"><p>Izrada glavnog projekta ure\u0111enja vodnog re\u017eima i korita rijeke Vrbas kroz urbano podru\u010dje grada Banja Luka<\/p><\/td><td width=\"29%\"><p>EKO-EURO TIM d.o.o.<\/p><p>Krupa na Vrbasu<\/p><\/td><td width=\"22%\"><p>Septembar &#8211; Oktobar<\/p><p>2018.<\/p><\/td><\/tr><tr><td width=\"8%\"><p>18.\u00a0\u00a0 \u00a0<\/p><\/td><td width=\"39%\"><p>Izrada glavnog projekta 3. i 4. visinske zone za vodovodnu mre\u017eu u naselju \u010cesma u Banja Luci<\/p><\/td><td width=\"29%\"><p>Grad Banja Luka<\/p><\/td><td width=\"22%\"><p>Maj &#8211; Avgust<\/p><p>2018.<\/p><\/td><\/tr><tr><td width=\"8%\"><p>19.\u00a0\u00a0 \u00a0<\/p><\/td><td width=\"39%\"><p>Izrada glavnog projekta vodovodne mre\u017ee u naselju Radosavska u Banjaluci &#8211; faza 2<\/p><\/td><td width=\"29%\"><p>Grad Banja Luka<\/p><\/td><td width=\"22%\"><p>Jun -Septembar<\/p><p>2018.<\/p><\/td><\/tr><tr><td width=\"8%\"><p>20.\u00a0\u00a0 \u00a0<\/p><\/td><td width=\"39%\"><p>Izrada stru\u010dnog mi\u0161ljenja i urbanisti\u010dko-tehni\u010dkih uslova za izgradnju vodovodnog sistema, Mi\u0161in Han \u2013 Podsistem Pezi\u0107a polje<\/p><\/td><td width=\"29%\"><p>\u201cHIDRO SPLET\u201d d.o.o.<\/p><p>Lakta\u0161i<\/p><\/td><td width=\"22%\"><p>Novembar<\/p><p>2018.<\/p><\/td><\/tr><tr><td width=\"8%\"><p>21.\u00a0\u00a0 \u00a0<\/p><\/td><td width=\"39%\"><p>Revizija glavnog projekta rekonstrukcije pumpne stanice Rudanka sa dogradnjom rezervoarskog prostora<\/p><\/td><td width=\"29%\"><p>Vodovod a.d.<\/p><p>Doboj<\/p><\/td><td width=\"22%\"><p>Avgust &#8211; Septembar 2018.<\/p><\/td><\/tr><tr><td width=\"8%\"><p>22.\u00a0\u00a0 \u00a0<\/p><\/td><td width=\"39%\"><p>Revizija projektne dokumentacije za izgradnju infrastrukturnog objekta-primarnog fekalnog kanalizacionog sistema u naseljima Orlova\u010da, \u010cirkin Polje i dijela Industrijske zone Svale<\/p><\/td><td width=\"29%\"><p>Grad Prijedor<\/p><\/td><td width=\"22%\"><p>Septembar &#8211; Oktobar 2018.<\/p><\/td><\/tr><tr><td width=\"8%\"><p>23.\u00a0\u00a0 \u00a0<\/p><\/td><td width=\"39%\"><p>Izrada glavnog projekta za izvo\u0111enje i rekonstrukciju izgradnje novog cjevovoda od rezervoara Lakta\u0161i do mosta u Kla\u0161nicama, sekcija Jakupovci<\/p><\/td><td width=\"29%\"><p>Op\u0161tina Lakta\u0161i<\/p><\/td><td width=\"22%\"><p>Juli &#8211; Septembar<\/p><p>2018.<\/p><\/td><\/tr><tr><td width=\"8%\"><p>24.\u00a0\u00a0 \u00a0<\/p><\/td><td width=\"39%\"><p>Izrada glavnog projekta za ure\u0111enje korita rijeke Rakitnice<\/p><\/td><td width=\"29%\"><p>Op\u0161tina Rogatica<\/p><\/td><td width=\"22%\"><p>Jun &#8211; Avgust<\/p><p>2018.<\/p><\/td><\/tr><tr><td width=\"8%\"><p>25.\u00a0\u00a0 \u00a0<\/p><\/td><td width=\"39%\"><p>Izrada elaborata za usluge ispitivanja terena za \u010di\u0161\u0107enje i ure\u0111enje Mahovljanske rijeke sa sljede\u0107im dionicama:<\/p><p>1.Uzvodno od mosta na magistralnom putu Banja Luka &#8211; Lakta\u0161i, u du\u017eini od 1.150 m,<\/p><p>2.Uzvodno od parcele Marinka Jeremi\u0107a do Joji\u0107a mosta, u du\u017eini od 600 m,<\/p><p>3.Uzvodno od kraja \u010di\u0161\u0107enja Mahovljanske rijeke u 2017. godini do Kasi\u0107a u Maglajanima, u du\u017eini od 800 m<\/p><\/td><td width=\"29%\"><p>Op\u0161tina Lakta\u0161i<\/p><\/td><td width=\"22%\"><p>Avgust &#8211; Oktobar 2018.<\/p><\/td><\/tr><tr><td width=\"8%\"><p>26.\u00a0\u00a0 \u00a0<\/p><\/td><td width=\"39%\"><p>Revizija glavnih projekata objekata za vodosnabdijevanje naselja \u0160trpci, i to:<\/p><p>&#8211;\u00a0 Glavni projekat distributivne vodovodne mre\u017ee za vodosnabdijevanje konzumnog podru\u010dka uklju\u010duju\u0107i distributinve, potisno distributivne cjevovode i sekundarne grane i krakove;<\/p><p>&#8211;\u00a0 Glavni projekat pumpne stanice za smje\u0161taj pumpi i prate\u0107e hidroma\u0161inske i elektro opreme;<\/p><p>&#8211;\u00a0 Glavni projekat distributivnog rezervoara za vodosnabdijevanje manjeg dijela konzumnog podru\u010dja<\/p><\/td><td width=\"29%\"><p>Op\u0161tina Prnjavor<\/p><\/td><td width=\"22%\"><p>Juli &#8211; Avgust<\/p><p>2018.<\/p><\/td><\/tr><tr><td width=\"8%\"><p>27.\u00a0\u00a0 \u00a0<\/p><\/td><td width=\"39%\"><p>Pru\u017eanje usluga za svu potrebnu dokumentaciju za SVK Jezero-Pobr\u0111e Banjaluka<\/p><\/td><td width=\"29%\"><p>\u201eSD SISTEMI\u201c d.o.o.<\/p><p>Banja Luka<\/p><\/td><td width=\"22%\"><p>Novembar &#8211; Decembar 2018.<\/p><\/td><\/tr><tr><td width=\"8%\"><p>28.\u00a0\u00a0 \u00a0<\/p><\/td><td width=\"39%\"><p>Izrada idejnog rje\u0161enja za izgradnju primarne i sekundarne vodovodne mre\u017ee naselja u dolini rijeke Sane i Japre<\/p><\/td><td width=\"29%\"><p>Op\u0161tina Novi Grad<\/p><\/td><td width=\"22%\"><p>Oktobar &#8211; Decembar 2018.<\/p><\/td><\/tr><tr><td width=\"8%\"><p>29.\u00a0\u00a0 \u00a0<\/p><\/td><td width=\"39%\"><p>Izrada glavnog projekta vodovodne mre\u017ee i objekata na njoj u naselju Bunar<\/p><\/td><td width=\"29%\"><p>Op\u0161tina Derventa<\/p><\/td><td width=\"22%\"><p>Septembar &#8211; Decembar 2018.<\/p><\/td><\/tr><tr><td width=\"8%\"><p>30.\u00a0\u00a0 \u00a0<\/p><\/td><td width=\"39%\"><p>Izrada hidrauli\u010dke analize vodovodnog sistema Komlenac<\/p><\/td><td width=\"29%\"><p>Op\u0161tina Kozarska Dubica<\/p><\/td><td width=\"22%\"><p>Septembar &#8211; Novembar 2018.<\/p><\/td><\/tr><tr><td width=\"8%\"><p>31.\u00a0\u00a0 \u00a0<\/p><\/td><td width=\"39%\"><p>Izrada glavnog projekta vodovodne mre\u017ee i objekata na njoj, i MZ Lu\u017eani<\/p><\/td><td width=\"29%\"><p>Op\u0161tina Derventa<\/p><\/td><td width=\"22%\"><p>Avgust &#8211; Oktobar 2018.<\/p><\/td><\/tr><tr><td width=\"8%\"><p>32.\u00a0\u00a0 \u00a0<\/p><\/td><td width=\"39%\"><p>Izrada glavnog projekta vodosnabdjevanja od rezervoara Djuri\u0107i u Radosavskoj<\/p><\/td><td width=\"29%\"><p>Grad Banjaluka<\/p><\/td><td width=\"22%\"><p>Avgust &#8211; Oktobar 2018.<\/p><\/td><\/tr><tr><td width=\"8%\"><p>33.\u00a0\u00a0 \u00a0<\/p><\/td><td width=\"39%\"><p>Izrada Glavnog projekta vodovoda Zubovi\u0107i-Melina (du\u017eina trase vodovoda 12 km), op\u0107ina Dobreti\u0107i<\/p><\/td><td width=\"29%\"><p>Op\u0107ina Dobreti\u0107i<\/p><\/td><td width=\"22%\"><p>April &#8211; Juli<\/p><p>2018.<\/p><\/td><\/tr><tr><td width=\"8%\"><p>34.\u00a0\u00a0 \u00a0<\/p><\/td><td width=\"39%\"><p>Izrada glavnog projekta za regulacij potoka Tavija, uskla\u0111ivanje postoje\u0107e dokumentacije sa stanjem na terenu<\/p><\/td><td width=\"29%\"><p>Op\u0161tina Kostajnica<\/p><\/td><td width=\"22%\"><p>April &#8211; Jun<\/p><p>2017.<\/p><\/td><\/tr><tr><td width=\"8%\"><p>35.\u00a0\u00a0 \u00a0<\/p><\/td><td width=\"39%\"><p>Izrada programa sanitarne za\u0161tite izvori\u0161ta, Bili\u0107a Vrelo, Ljupljanica i Kora\u0107e<\/p><\/td><td width=\"29%\"><p>Op\u0161tina Derventa<\/p><\/td><td width=\"22%\"><p>Februar &#8211; April<\/p><p>2018.<\/p><\/td><\/tr><tr><td width=\"8%\"><p>36.\u00a0\u00a0 \u00a0<\/p><\/td><td width=\"39%\"><p>Analiza stanja za rje\u0161avanje problema plavljenja Zapadnog tranzita u ulici Kraji\u0161kih brigade Banjaluka<\/p><\/td><td width=\"29%\"><p>Grad Banjaluka<\/p><\/td><td width=\"22%\"><p>Februar &#8211; Maj<\/p><p>2018.<\/p><\/td><\/tr><tr><td width=\"8%\"><p>37.\u00a0\u00a0 \u00a0<\/p><\/td><td width=\"39%\"><p>Nadzor prilikom izvo\u0111enja radova na izgradnji fekalne kanalizacione mre\u017ee u Drini\u0107u<\/p><\/td><td width=\"29%\"><p>Op\u0161tina Petrovac<\/p><\/td><td width=\"22%\"><p>Februar &#8211; Maj<\/p><p>2018.<\/p><\/td><\/tr><tr><td width=\"8%\"><p>38.\u00a0\u00a0 \u00a0<\/p><\/td><td width=\"39%\"><p>Nadzor nad izvo\u0111enjem radova regulisanja korita i pumnih stanica u sklopu hitnog postupka odbrane od poplava<\/p><\/td><td width=\"29%\"><p>\u201eSAFEGE\u201c d.o.o.<\/p><p>Beograd<\/p><\/td><td width=\"22%\"><p>Septembar 2017-Septembar 2018.<\/p><\/td><\/tr><tr><td width=\"8%\"><p>39.\u00a0\u00a0 \u00a0<\/p><\/td><td width=\"39%\"><p>Izrada stru\u010dne analize i davanje rje\u0161enja za regulaciju korita rijeke Ukrine<\/p><\/td><td width=\"29%\"><p>Op\u0161tina Derventa<\/p><\/td><td width=\"22%\"><p>Oktobar &#8211; Novembar 2017.<\/p><\/td><\/tr><tr><td width=\"8%\"><p>40.\u00a0\u00a0 \u00a0<\/p><\/td><td width=\"39%\"><p>Glavni projekat otvorenog bazena, dimenzija 18m x 12m<\/p><\/td><td width=\"29%\"><p>Kopanja Nata\u0161a<\/p><p>Banja Luka<\/p><\/td><td width=\"22%\"><p>Septembar &#8211; Novembar 2017.<\/p><\/td><\/tr><tr><td width=\"8%\"><p>41.\u00a0\u00a0 \u00a0<\/p><\/td><td width=\"39%\"><p>Nadzor na izvo\u0111enjem bu\u0161otine bunara za potrebe vodosnabdjevanja op\u0161tine Donji Vija\u010dani<\/p><\/td><td width=\"29%\"><p>Op\u0161tina Prnjavor<\/p><\/td><td width=\"22%\"><p>Septembar &#8211;<\/p><p>Oktobar 2017.<\/p><\/td><\/tr><tr><td width=\"8%\"><p>42.\u00a0\u00a0 \u00a0<\/p><\/td><td width=\"39%\"><p>Izrada glavnog projekta dijela fekalne kanalizacije za podru\u010dje Tar\u010dina sa okolnim mjestima Op\u0107ina Hadzi\u0107i<\/p><\/td><td width=\"29%\"><p>Op\u0107ina Hadzi\u0107i<\/p><\/td><td width=\"22%\"><p>Avgust &#8211; Novembar 2017.<\/p><\/td><\/tr><tr><td width=\"8%\"><p>43.\u00a0\u00a0 \u00a0<\/p><\/td><td width=\"39%\"><p>Nadzor nad sanacijom atomskog skloni\u0161ta u centralnom medicinskom bloku<\/p><\/td><td width=\"29%\"><p>JZU Univerzitetski klini\u010dki centar RS, Banja Luka<\/p><\/td><td width=\"22%\"><p>Avgust &#8211; Oktobar 2017.<\/p><\/td><\/tr><tr><td width=\"8%\"><p>44.\u00a0\u00a0 \u00a0<\/p><\/td><td width=\"39%\"><p>Izrada glavnog projekta Savskog nasipa u Kozarskoj Dubici u mjestu Mlinarice<\/p><\/td><td width=\"29%\"><p>\u201cPrijedorputevi\u201d a.d.<\/p><p>Prijedor<\/p><\/td><td width=\"22%\"><p>Juni &#8211; Decembar<\/p><p>2017.<\/p><\/td><\/tr><tr><td width=\"8%\"><p>45.\u00a0\u00a0 \u00a0<\/p><\/td><td width=\"39%\"><p>Izradaglavnog projekta nadvi\u0161enja Savskog nasipa na podru\u010dju op\u0161tine Kozarska Dubica za dionicu od km 2 + 090 nastavak sada\u0161njih radova<\/p><\/td><td width=\"29%\"><p>\u201cPrijedorputevi\u201d a.d.<\/p><p>Prijedor<\/p><\/td><td width=\"22%\"><p>April &#8211; Avgust<\/p><p>2017.<\/p><\/td><\/tr><tr><td width=\"8%\"><p>46.\u00a0\u00a0 \u00a0<\/p><\/td><td width=\"39%\"><p>Izrada glavnog projekta izmje\u0161tanja vodovodne mre\u017ee za Tehnolo\u0161ki biznis park u Banjaluci<\/p><\/td><td width=\"29%\"><p>Grad Banja Luka<\/p><\/td><td width=\"22%\"><p>Mart &#8211; Maj<\/p><p>2017.<\/p><\/td><\/tr><tr><td width=\"8%\"><p>47.\u00a0\u00a0 \u00a0<\/p><\/td><td width=\"39%\"><p>Izrada glavnog projekta ure\u0111enja izvori\u0161ta Mraovo polje sa te\u017ei\u0161tem odbrane od poplava<\/p><\/td><td width=\"29%\"><p>Op\u0161tina Kostajnica<\/p><\/td><td width=\"22%\"><p>Februar &#8211; Maj<\/p><p>2017.<\/p><\/td><\/tr><\/tbody><\/table>\t\t\t\t\t\t<\/div>\n\t\t\t\t<\/div>\n\t\t\t\t\t<\/div>\n\t\t<\/div>\n\t\t\t\t\t\t\t<\/div>\n\t\t<\/section>\n\t\t\t\t\t\t\t<\/div>\n\t\t","protected":false},"excerpt":{"rendered":"<p>1.\u00a0 \u00a0 Usluge supervizije-nastavak (nadzor nad radovima i izvje\u0161tavanje) na projektu \u201eVodovod i kanalizacija u Republici Srpskoj\u201c, s identifikacionim brojem 2018\/S 010-017328, (Podugovara\u010d za fazu hidrotehnike) Ministarstvo finansija Republike Srpske, Trg Republike Srpske 1, 78 000 Banja Luka Septembar 2018-Septembar 2022. 2.\u00a0 \u00a0 LOT 1: Izrada Glavnog projekta regulacije korita i u\u0161\u0107a rijeke Jablanice Op\u0107ina [&hellip;]<\/p>\n","protected":false},"author":2,"featured_media":0,"parent":0,"menu_order":0,"comment_status":"closed","ping_status":"closed","template":"","meta":{"footnotes":""},"class_list":["post-1571","page","type-page","status-publish","hentry"],"_links":{"self":[{"href":"https:\/\/hkpbl.com\/index.php\/wp-json\/wp\/v2\/pages\/1571"}],"collection":[{"href":"https:\/\/hkpbl.com\/index.php\/wp-json\/wp\/v2\/pages"}],"about":[{"href":"https:\/\/hkpbl.com\/index.php\/wp-json\/wp\/v2\/types\/page"}],"author":[{"embeddable":true,"href":"https:\/\/hkpbl.com\/index.php\/wp-json\/wp\/v2\/users\/2"}],"replies":[{"embeddable":true,"href":"https:\/\/hkpbl.com\/index.php\/wp-json\/wp\/v2\/comments?post=1571"}],"version-history":[{"count":4,"href":"https:\/\/hkpbl.com\/index.php\/wp-json\/wp\/v2\/pages\/1571\/revisions"}],"predecessor-version":[{"id":1575,"href":"https:\/\/hkpbl.com\/index.php\/wp-json\/wp\/v2\/pages\/1571\/revisions\/1575"}],"wp:attachment":[{"href":"https:\/\/hkpbl.com\/index.php\/wp-json\/wp\/v2\/media?parent=1571"}],"curies":[{"name":"wp","href":"https:\/\/api.w.org\/{rel}","templated":true}]}}