{"id":1579,"date":"2021-01-28T10:07:35","date_gmt":"2021-01-28T10:07:35","guid":{"rendered":"https:\/\/hkpbl.com\/?page_id=1579"},"modified":"2021-01-28T10:07:51","modified_gmt":"2021-01-28T10:07:51","slug":"revizija","status":"publish","type":"page","link":"https:\/\/hkpbl.com\/index.php\/revizija\/","title":{"rendered":"REVIZIJA"},"content":{"rendered":"\t\t<div data-elementor-type=\"wp-page\" data-elementor-id=\"1579\" class=\"elementor elementor-1579\">\n\t\t\t\t\t\t\t\t\t<section class=\"elementor-section elementor-top-section elementor-element elementor-element-f9afeea elementor-section-boxed elementor-section-height-default elementor-section-height-default\" data-id=\"f9afeea\" data-element_type=\"section\">\n\t\t\t\t\t\t<div class=\"elementor-container elementor-column-gap-default\">\n\t\t\t\t\t<div class=\"elementor-column elementor-col-100 elementor-top-column elementor-element elementor-element-50dea12\" data-id=\"50dea12\" data-element_type=\"column\">\n\t\t\t<div class=\"elementor-widget-wrap elementor-element-populated\">\n\t\t\t\t\t\t\t\t<div class=\"elementor-element elementor-element-fc515d4 elementor-widget elementor-widget-text-editor\" data-id=\"fc515d4\" data-element_type=\"widget\" data-widget_type=\"text-editor.default\">\n\t\t\t\t<div class=\"elementor-widget-container\">\n\t\t\t\t\t\t\t<table width=\"96%\"><tbody><tr><td width=\"8%\"><p>1.\u00a0 \u00a0<\/p><\/td><td width=\"39%\"><p>Izrada revizije glavnog projekta obezbje\u0111enja dodatnih koli\u010dina vode za potrebe op\u0107ine Sapna sa novog bunara ESB1 i uvo\u0111enje u postoje\u0107i sistem<\/p><\/td><td width=\"29%\"><p>Op\u0107ina Sapna<\/p><\/td><td width=\"22%\"><p>2020.<\/p><\/td><\/tr><tr><td width=\"8%\"><p>2.\u00a0 \u00a0<\/p><\/td><td width=\"39%\"><p>Izrada revizije glavnog projekta izgradnje kanalizacionog sistema dijela naselja Lovnica, op\u0107ina Zavidovi\u0107i<\/p><\/td><td width=\"29%\"><p>IBIS d.o.o. Zavidovi\u0107i<\/p><\/td><td width=\"22%\"><p>2020.<\/p><\/td><\/tr><tr><td width=\"8%\"><p>3.\u00a0 \u00a0<\/p><\/td><td width=\"39%\"><p>Izrada revizije glavnog projekta rezervoara V=60,00 m3, MZ Vukanovi\u0107i, podru\u017enica \u201cPonijeri\u201d, op\u0107ina Kakanj<\/p><\/td><td width=\"29%\"><p>IBIS d.o.o. Zavidovi\u0107i<\/p><\/td><td width=\"22%\"><p>2020.<\/p><\/td><\/tr><tr><td width=\"8%\"><p>4.\u00a0 \u00a0<\/p><\/td><td width=\"39%\"><p>Izrada revizije glavnog projekta vodovod \u201cSlivno\u201d &#8211; izvedeno stanje, naselje Slivno, op\u0107ina Breza<\/p><\/td><td width=\"29%\"><p>IBIS d.o.o. Zavidovi\u0107i<\/p><\/td><td width=\"22%\"><p>2020.<\/p><\/td><\/tr><tr><td width=\"8%\"><p>5.\u00a0 \u00a0<\/p><\/td><td width=\"39%\"><p>Izrada revizije glavnog projekta-vodovod za naselja Bajvati, Be\u0161e i \u017dioke sa gradskog vodovoda priklju\u010dkom u \u0161ahtu na liniji DN 110mm u Davulijama, MZ Gostovi\u0107, op\u0107ina Zavidovi\u0107i<\/p><\/td><td width=\"29%\"><p>IBIS d.o.o. Zavidovi\u0107i<\/p><\/td><td width=\"22%\"><p>2020.<\/p><\/td><\/tr><tr><td width=\"8%\"><p>6.\u00a0 \u00a0<\/p><\/td><td width=\"39%\"><p>Izrada revizije glavnog projekta-ure\u0111enje korita Radu\u0161kog potoka u svrhu za\u0161tite objekta punionice mineralne vode \u201cZema\u201d d.o.o. Te\u0161anj<\/p><\/td><td width=\"29%\"><p>IBIS d.o.o. Zavidovi\u0107i<\/p><\/td><td width=\"22%\"><p>2020.<\/p><\/td><\/tr><tr><td width=\"8%\"><p>7.\u00a0 \u00a0<\/p><\/td><td width=\"39%\"><p>Revizija tehni\u010dke dokumentacije:<\/p><p>&#8211;\u00a0\u00a0\u00a0\u00a0\u00a0\u00a0 Glavni projekat za izgradnju i rekonstrukciju trotoara od benzinske stanice do spomen ku\u0107e i od centra Drini\u0107a do skretanja za Savuljevi\u0107a,<\/p><p>&#8211;\u00a0\u00a0\u00a0\u00a0\u00a0\u00a0 Glavni projekat za rekonstrukciju i asfaltiranje puta prema Piji,<\/p><p>&#8211;\u00a0\u00a0\u00a0\u00a0\u00a0\u00a0 Glavni projekat za rekonstrukciju i asfaltiranje puta Perinovi\u0107a puta,<\/p><p>&#8211;\u00a0\u00a0\u00a0\u00a0\u00a0\u00a0 Glavni projekat za rekonstrukciju i asfaltiranje puta do ku\u0107e Perinovi\u0107a,<\/p><p>&#8211;\u00a0\u00a0\u00a0\u00a0\u00a0\u00a0 Glavni projekat za rekonstrukciju i asfaltiranje puta od ku\u0107e Gaji\u0107a do ku\u0107e Milovanja Banjca Brki\u0107a.<\/p><\/td><td width=\"29%\"><p>Op\u0161tina Petrovac<\/p><\/td><td width=\"22%\"><p>2020.<\/p><\/td><\/tr><tr><td width=\"8%\"><p>8.\u00a0 \u00a0<\/p><\/td><td width=\"39%\"><p>Revizija projekata sanacije opasnih mjesta na putnoj mre\u017ei Republike Srpske za 2017. godinu<\/p><\/td><td width=\"29%\"><p>JP \u201ePutevi RS&#8221; d.o.o.<\/p><p>Banja Luka<\/p><\/td><td width=\"22%\"><p>2020.<\/p><\/td><\/tr><tr><td width=\"8%\"><p>9.\u00a0 \u00a0<\/p><\/td><td width=\"39%\"><p>Revizija projekta implementacije mjera iz Izvje\u0161taja provjere bezbjednosti saobra\u0107aja iz 2017. godine<\/p><\/td><td width=\"29%\"><p>JP \u201ePutevi RS&#8221; d.o.o.<\/p><p>Banja Luka<\/p><\/td><td width=\"22%\"><p>2020.<\/p><\/td><\/tr><tr><td width=\"8%\"><p>10.\u00a0\u00a0 \u00a0<\/p><\/td><td width=\"39%\"><p>Revizija projekta za saobra\u0107ajnu signalizaciju i opremu na raskrsnici ulica Aleksandra Kara\u0111or\u0111evi\u0107a, Srpske vojske i 9. Januara u Han Pijesku i<\/p><p>Reviziju projekta za saobra\u0107ajnu signalizaciju i opremu na raskrsnici ulica Aleksandra Kara\u0111or\u0111evi\u0107a i Srpske vojske u Han Pijesku<\/p><\/td><td width=\"29%\"><p>Op\u0161tina<\/p><p>Han Pijesak<\/p><\/td><td width=\"22%\"><p>2020.<\/p><\/td><\/tr><tr><td width=\"8%\"><p>11.\u00a0\u00a0 \u00a0<\/p><\/td><td width=\"39%\"><p>Revizija glavnog projekta za izgradnju kru\u017ene raskrsnice na ukr\u0161tanju magistralnog puta M-4 sa ulicom Ivana Gorana Kova\u010di\u0107a i Bra\u0107e Pi\u0161telji\u0107a u<\/p><p>Banja Luci<\/p><\/td><td width=\"29%\"><p>Urbis Centar d.o.o.<\/p><p>Banja Luka<\/p><\/td><td width=\"22%\"><p>2020.<\/p><\/td><\/tr><tr><td width=\"8%\"><p>12.\u00a0\u00a0 \u00a0<\/p><\/td><td width=\"39%\"><p>Revizija projekta implementacije mjera iz Izvje\u0161taja provjere bezbjednosti saobra\u0107aja iz 2016. godine<\/p><\/td><td width=\"29%\"><p>JP \u201ePutevi RS&#8221; d.o.o.<\/p><p>Banja Luka<\/p><\/td><td width=\"22%\"><p>2019.<\/p><\/td><\/tr><tr><td width=\"8%\"><p>13.\u00a0\u00a0 \u00a0<\/p><\/td><td width=\"39%\"><p>Revizija projekta za izgradnju kru\u017ene raskrsnice na ukr\u0161tanju magistralnog puta M-4 i Puta srpskih branilaca<\/p><\/td><td width=\"29%\"><p>Grad<\/p><p>Banja Luka<\/p><\/td><td width=\"22%\"><p>2019.<\/p><\/td><\/tr><tr><td width=\"8%\"><p>14.\u00a0\u00a0 \u00a0<\/p><\/td><td width=\"39%\"><p>Revizija projekta za izgradnju kru\u017ene raskrsnice na ukr\u0161tanju magistralnog puta M-4 sa Bulevarom Milutina Milankovi\u0107a<\/p><\/td><td width=\"29%\"><p>Grad<\/p><p>Banja Luka<\/p><\/td><td width=\"22%\"><p>2019.<\/p><\/td><\/tr><tr><td width=\"8%\"><p>15.\u00a0\u00a0 \u00a0<\/p><\/td><td width=\"39%\"><p>Usluge vr\u0161enja kontrole\/revizije tehni\u010dke dokumentacije sistema navodnjavanja u op\u0107ini \u017dep\u010de<\/p><\/td><td width=\"29%\"><p>Federalno ministarstvo poljoprivrede, vodoprivrede i \u0161umarstva PIU \u0160umarstva i Poljoprivrede, Projekt razvoja navodnjavanja (IDP), 71 000 Sarajevo, Bosna i Hercegovina<\/p><\/td><td width=\"22%\"><p>2019.<\/p><\/td><\/tr><tr><td width=\"8%\"><p>16.\u00a0\u00a0 \u00a0<\/p><\/td><td width=\"39%\"><p>&#8211;\u00a0\u00a0 Revizija projektne dokumentacije anaerobnog biolo\u0161kog ure\u0111aja za tretman tehnolo\u0161kih otpadnih voda za klaonicu Be\u0161li\u0107 d.o.o. Visoko na adresi Bistua Nuova bb Zenica;<\/p><p>&#8211;\u00a0\u00a0 Revizija projektne dokumentacije anaerobnog biolo\u0161kog ure\u0111aja za tretman tehnolo\u0161kih otpadnih voda za klaonicu Be\u0161li\u0107 d.o.o. Visoko na adresi Seo\u010da bb Visoko.<\/p><\/td><td width=\"29%\"><p>IBIS d.o.o. Zavidovi\u0107i<\/p><\/td><td width=\"22%\"><p>2019.<\/p><\/td><\/tr><tr><td width=\"8%\"><p>17.\u00a0\u00a0 \u00a0<\/p><\/td><td width=\"39%\"><p>Revizija projekta saobra\u0107ajne signalizacije i opreme za regulisanje saobra\u0107aja na ukr\u0161tanju Krfske ulice i Ulice Cara Lazara, sa revizijom<\/p><\/td><td width=\"29%\"><p>Grad<\/p><p>Banja Luka<\/p><\/td><td width=\"22%\"><p>2018-2019.<\/p><\/td><\/tr><tr><td width=\"8%\"><p>18.\u00a0\u00a0 \u00a0<\/p><\/td><td width=\"39%\"><p>Revizija bezbjednosti puta za potrebe:<\/p><p>&#8211; Glavnog projekta rekonstrukcije magistralnog puta M-21 Barski most \u2013 Bijelo Polje, dionica grani\u010dni prelaz Dobrakovo-Bijelo Polje, od km 135+300 do km 145+600 (du\u017eina 10,3 km),<\/p><p>&#8211; Glavnog projekta rekonstrukcije magistralnog puta M-8, dionica Pljevlja-Mihailovica (du\u017eina 12,96 km),<\/p><p>&#8211;\u00a0 Glavnog projekta rekonstrukcije magistralnog puta M-2, dionica Ribarevina-Poda, od km 1089+872 do km 1104+559 (du\u017eina 14,687 km).<\/p><\/td><td width=\"29%\"><p>Ministarstvo\u00a0 saobra\u0107aja i pomorstva &#8211; Direkcija za saobra\u0107aj<\/p><\/td><td width=\"22%\"><p>2018.<\/p><\/td><\/tr><tr><td width=\"8%\"><p>19.\u00a0\u00a0 \u00a0<\/p><\/td><td width=\"39%\"><p>Revizija bezbjednosti puta za potrebe:<\/p><p>&#8211; Glavnog projekta rekonstrukcije magistralnog puta M-21 Barski most-Bijelo Polje, dionica Barski most-grani\u010dni prelaz Dobrakovo, od km 131+200 do km 135+300 (du\u017eina 4,1 km),<\/p><p>&#8211; Glavnog projekta rekonstrukcije magistralnog puta M-2 Ribarevina-Berane, dionica Poda-Berane, od km 1104+559 do km 1117+300 (du\u017eina 12,741 km),<\/p><p>&#8211; Glavnog projekta rekonstrukcije magistralnog puta M-2, dionica Kamenovo-Petrovac od km 911+700 do km 923+000 (du\u017eina 11,295 km),\u00a0 i<\/p><p>&#8211; Glavnog projekta rekonstrukcije magistralnog puta M-2.4, dionica Petrovac-Bar, od km 1+200 do km 18+178 (du\u017eina 10,826 ).<\/p><\/td><td width=\"29%\"><p>Ministarstvo\u00a0 saobra\u0107aja i pomorstva &#8211; Direkcija za saobra\u0107aj<\/p><\/td><td width=\"22%\"><p>2018.<\/p><\/td><\/tr><tr><td colspan=\"4\" width=\"100%\"><p><strong>R E V I Z I J A<\/strong><\/p><p><strong>(VISOKOGRADNJA)<\/strong><\/p><\/td><\/tr><tr><td width=\"8%\"><p>20.\u00a0\u00a0 \u00a0<\/p><\/td><td width=\"39%\"><p>Revizija glavnog projekta za rekonstrukciju, dogradnju i nadogradnju administrativnog objekta sa promjenom namjene u objekat za smje\u0161taj studenata na k.\u010d.br.2716\/339 K.O. Lukavica u Isto\u010dnom Novom Sarajevu, ukupne bruto povr\u0161ine 5.140,00 m<sup>2<\/sup>\u201d<\/p><\/td><td width=\"29%\"><p>OP\u0160TINA ISTO\u010cNO NOVO SARAJEVO<\/p><\/td><td width=\"22%\"><p>2020.<\/p><\/td><\/tr><tr><td width=\"8%\"><p>21.\u00a0\u00a0 \u00a0<\/p><\/td><td width=\"39%\"><p>Revizija glavnog projekta rekonstrukcije muzeja savremene umjetnosti Republike Srpske, izgra\u0111enog na zemlji\u0161tu ozna\u010denom kao k.\u010d. broj 3752 (n.p.), k.o. Banjaluka vii, u Banjoj Luci, ukupne bruto povr\u0161ine 2800 m<sup>2<\/sup><\/p><\/td><td width=\"29%\"><p>MUZEJ SAVREMENE UMJETNOSTI REPUBLIKE SRPSKE, BANJA LUKA<\/p><\/td><td width=\"22%\"><p>2020.<\/p><\/td><\/tr><tr><td width=\"8%\"><p>22.\u00a0\u00a0 \u00a0<\/p><\/td><td width=\"39%\"><p>Revizija glavnog projekta za izgradnju vi\u0161eporodi\u010dnog stambeno-poslovnog objekta, BGP= 4.915 m<sup>2<\/sup>, (lamela 22) na k.\u010d. broj 2716\/823 k.o. Lukavica (n.p.), Investitor: &#8220;Akvamontmerc&#8221; d.o.o. Isto\u010dno Sarajevo<\/p><\/td><td width=\"29%\"><p>\u201eUrbis Centar\u201c d.o.o.<\/p><p>Banja Luka<\/p><\/td><td width=\"22%\"><p>2020.<\/p><\/td><\/tr><tr><td width=\"8%\"><p>23.\u00a0\u00a0 \u00a0<\/p><\/td><td width=\"39%\"><p>Revizija glavnog projekta za izgradnju poslovnog objekta &#8211; specijalne bolnice iz hirur\u0161kih oblasti, spratnosti Po+P+3, BGP= 1.275 m<sup>2<\/sup>, u ulici Vase Pelagi\u0107a u Banjaluci, na k.\u010d. br. 13\/145, k.o. Banja Luka (s.p.), a \u0161to odgovara k.\u010d. br. 3425, k.o. banjaluka 7 (n.p.), Investitor: Nikola Baro\u0161, Banja Luka<\/p><\/td><td width=\"29%\"><p>\u201eUrbis Centar\u201c d.o.o.<\/p><p>Banja Luka<\/p><\/td><td width=\"22%\"><p>2020.<\/p><\/td><\/tr><tr><td width=\"8%\"><p>24.\u00a0\u00a0 \u00a0<\/p><\/td><td width=\"39%\"><p>Revizija glavnog projekta za dogradnju, rekonstrukciju i promjenu namjene postoje\u0107eg objekta, BGP= 1.03,50 m<sup>2<\/sup>, na k.\u010d. br. 665\/13, k.o. Trn (n.p.) u &#8220;Poslovni inkubator&#8221;, Investitor:<\/p><p>Op\u0161tina Lakta\u0161i<\/p><\/td><td width=\"29%\"><p>\u201eUrbis Centar\u201c d.o.o.<\/p><p>Banja Luka<\/p><\/td><td width=\"22%\"><p>2020.<\/p><\/td><\/tr><tr><td width=\"8%\"><p>25.\u00a0\u00a0 \u00a0<\/p><\/td><td width=\"39%\"><p>Revizija glavnog projekta<\/p><p>kolektivni stambeno-poslovni objekat na k.\u010d.br. 12\/1,12\/13 i na dijelu 11\/1, K.O. Banja Luka 5 (BGP 11 000 m<sup>2<\/sup><\/p><p>(1.faza izgradnje)<\/p><\/td><td width=\"29%\"><p>\u201eGradnja plus\u201c d. o. o.<\/p><p>Banja Luka<\/p><\/td><td width=\"22%\"><p>2020.<\/p><\/td><\/tr><tr><td width=\"8%\"><p>26.\u00a0\u00a0 \u00a0<\/p><\/td><td width=\"39%\"><p>Revizija glavnog projekta<\/p><p>kolektivni stambeno-poslovni objekat na k.\u010d.br. 12\/1,12\/13 i na dijelu 11\/1, k.o.<\/p><p>Banja Luka 5 (1.faza izgradnje)<\/p><\/td><td width=\"29%\"><p>\u201cSMART SOLUTION\u201d d.o.o. Banja Luka<\/p><\/td><td width=\"22%\"><p>2020.<\/p><\/td><\/tr><tr><td width=\"8%\"><p>27.\u00a0\u00a0 \u00a0<\/p><\/td><td width=\"39%\"><p>Revizija glavnog projekta<\/p><p>Kolektivni stambeno-poslovni objekat, Ul. Sv. Save na k.\u010d. 775\/2 i\u00a0 dio 775\/1, k.o. Tesli\u0107-grad,ukupne bruto povr\u0161ine 1.000,00 m<sup>2<\/sup>\u201d<\/p><\/td><td width=\"29%\"><p>Bagi\u0107 Suzana<\/p><\/td><td width=\"22%\"><p>2020.<\/p><\/td><\/tr><tr><td width=\"8%\"><p>28.\u00a0\u00a0 \u00a0<\/p><\/td><td width=\"39%\"><p>Revizija glavnog projekta<\/p><p>dogradnja osnovne \u0161kole u Kla\u0161nicama,ukupne bruto povr\u0161ine 1320,00 m<sup>2<\/sup>\u201d<\/p><\/td><td width=\"29%\"><p>Op\u0161tina Lakta\u0161i<\/p><\/td><td width=\"22%\"><p>2020.<\/p><\/td><\/tr><tr><td width=\"8%\"><p>29.\u00a0\u00a0 \u00a0<\/p><\/td><td width=\"39%\"><p>Revizija glavnog projekta<\/p><p>poslovni objekat (autolimarska radionica) na k.\u010d.br.363, k.o. Vujinovi\u0107i (n.p.), Banja Luka, ukupne bruto povr\u0161ine 1320,00 m<sup>2<\/sup>\u201d<\/p><\/td><td width=\"29%\"><p>\u0110ur\u0111evi\u0107 Igor<\/p><\/td><td width=\"22%\"><p>2020.<\/p><\/td><\/tr><tr><td width=\"8%\"><p>30.\u00a0\u00a0 \u00a0<\/p><\/td><td width=\"39%\"><p>Revizija glavnog projekta<\/p><p>individualni stambeno-poslovni objekat k.\u010d.br.4746, 4747\/2, 4786\/5 i 4795\/6, k.o. Banjaluka VII, ukupne bruto povr\u0161ine 644,00 m<sup>2<\/sup>\u201d<\/p><\/td><td width=\"29%\"><p>Nova oprema d. o. o.<\/p><p>Banja Luka<\/p><\/td><td width=\"22%\"><p>2020.<\/p><\/td><\/tr><tr><td width=\"8%\"><p>\u00a0<\/p><\/td><td width=\"39%\"><p>Revizija glavnog projekta<\/p><p>proizvodno-skladi\u0161ni objekat na k.\u010d.br. 1283\/12, k.o. Rami\u0107i, Banja Luka (U okviru poslovne zone Rami\u0107i), ukupne bruto povr\u0161ine 1300,00 m<sup>2<\/sup>\u201d<\/p><\/td><td width=\"29%\"><p>\u201cTTB TENZO\u201dd.o.o.<\/p><p>Banja Luka<\/p><\/td><td width=\"22%\"><p>2020.<\/p><\/td><\/tr><tr><td width=\"8%\"><p>31.\u00a0\u00a0 \u00a0<\/p><\/td><td width=\"39%\"><p>Revizija glavnog projekta za izgradnju energane ne biomasu (biogas) na k.\u010d. 552\/19 k.o. poljavnice (n.p.), u novom gradu, ukupne bruto povr\u0161ine<\/p><p>5.000,00 m<sup>2<\/sup>\u201d<\/p><\/td><td width=\"29%\"><p>\u201eLINGINAS\u201c d.o.o.<\/p><p>Novi Grad<\/p><\/td><td width=\"22%\"><p>2019\/2020.<\/p><\/td><\/tr><tr><td width=\"8%\"><p>32.\u00a0\u00a0 \u00a0<\/p><\/td><td width=\"39%\"><p>Revizija glavnog projekta rekonstrukcije, dogradnje i nadogradnje stambeno-poslovnog objekta spratnosti Pr+1+M, na zemlji\u0161tu ozna\u010denom kao k.\u010d.br. 75\/2, u Kotor Varo\u0161i, k.o. Kotor Varo\u0161 (Novi premjer)<\/p><\/td><td width=\"29%\"><p>Amela Vukovi\u0107,<\/p><p>Op\u0161tina Kotor Varo\u0161<\/p><\/td><td width=\"22%\"><p>2019.<\/p><\/td><\/tr><tr><td width=\"8%\"><p>33.\u00a0\u00a0 \u00a0<\/p><\/td><td width=\"39%\"><p>Revizija glavnog projekta za izgradnju individualnog stambenog objekta spratnosti P+Pk na zemlji\u0161tu ozna\u010denom sa k.\u010d. 965\/32, k.o. \u010celinac Donji; \u010celinac<\/p><\/td><td width=\"29%\"><p>Boris Pa\u0161ali\u0107,<\/p><p>Op\u0161tina \u010celinac<\/p><\/td><td width=\"22%\"><p>2019.<\/p><\/td><\/tr><tr><td width=\"8%\"><p>34.\u00a0\u00a0 \u00a0<\/p><\/td><td width=\"39%\"><p>Revizija glavnog projekta za izgradnju vi\u0161eporodi\u010dnog stambenog objekta, spratnosti Po+P+3 na zemlji\u0161tu ozna\u010denom sa k.\u010d. 368\/1, k.o. Banja Luka 4 u\u00a0 Banjaluci<\/p><\/td><td width=\"29%\"><p>Milan Ra\u010di\u0107,<\/p><p>Op\u0161tina Banja Luka<\/p><\/td><td width=\"22%\"><p>2019.<\/p><\/td><\/tr><tr><td width=\"8%\"><p>35.\u00a0\u00a0 \u00a0<\/p><\/td><td width=\"39%\"><p>Revizija glavnog projekta za adaptaciju i rekonstrukciju 3 (tri) poslovna prostora u svrhu formiranja jedinstvenog poslovnog prostora, sadr\u017eaja trgovina, u ulici Vase Glu\u0161ca, na dijelu k.\u010d. br.4077\/1 i k.\u010d. br.4079\/2 (N.P.), k.o. Banjaluka u Banjaluci<\/p><\/td><td width=\"29%\"><p>Nada Petkovi\u0107,<\/p><p>Op\u0161tina Banja Luka<\/p><\/td><td width=\"22%\"><p>2018.<\/p><\/td><\/tr><tr><td width=\"8%\"><p>36.\u00a0\u00a0 \u00a0<\/p><\/td><td width=\"39%\"><p>Revizija glavnog projekta za rekonstrukciju ulice Bra\u0107e Manojlovi\u0107 na k.\u010d. 2654\/12 i 1905\/68, k.o.<\/p><p>Gradi\u0161ka-Selo<\/p><\/td><td width=\"29%\"><p>Op\u0161tina Gradi\u0161ka<\/p><\/td><td width=\"22%\"><p>2018.<\/p><\/td><\/tr><tr><td width=\"8%\"><p>37.\u00a0\u00a0 \u00a0<\/p><\/td><td width=\"39%\"><p>Revizija stambeno poslovnog objekta Su+P+1<\/p><\/td><td width=\"29%\"><p>Aleksandar Gajic,<\/p><p>Op\u0161tina Banja Luka<\/p><\/td><td width=\"22%\"><p>2018.<\/p><\/td><\/tr><tr><td width=\"8%\"><p>38.\u00a0\u00a0 \u00a0<\/p><\/td><td width=\"39%\"><p>Revizija javne infrastrukture za potrebe objekta na Petricevcu<\/p><\/td><td width=\"29%\"><p>Grad Banja Luka<\/p><\/td><td width=\"22%\"><p>2018.<\/p><\/td><\/tr><\/tbody><\/table>\t\t\t\t\t\t<\/div>\n\t\t\t\t<\/div>\n\t\t\t\t\t<\/div>\n\t\t<\/div>\n\t\t\t\t\t\t\t<\/div>\n\t\t<\/section>\n\t\t\t\t\t\t\t<\/div>\n\t\t","protected":false},"excerpt":{"rendered":"<p>1.\u00a0 \u00a0 Izrada revizije glavnog projekta obezbje\u0111enja dodatnih koli\u010dina vode za potrebe op\u0107ine Sapna sa novog bunara ESB1 i uvo\u0111enje u postoje\u0107i sistem Op\u0107ina Sapna 2020. 2.\u00a0 \u00a0 Izrada revizije glavnog projekta izgradnje kanalizacionog sistema dijela naselja Lovnica, op\u0107ina Zavidovi\u0107i IBIS d.o.o. Zavidovi\u0107i 2020. 3.\u00a0 \u00a0 Izrada revizije glavnog projekta rezervoara V=60,00 m3, MZ Vukanovi\u0107i, [&hellip;]<\/p>\n","protected":false},"author":2,"featured_media":0,"parent":0,"menu_order":0,"comment_status":"closed","ping_status":"closed","template":"","meta":{"footnotes":""},"class_list":["post-1579","page","type-page","status-publish","hentry"],"_links":{"self":[{"href":"https:\/\/hkpbl.com\/index.php\/wp-json\/wp\/v2\/pages\/1579"}],"collection":[{"href":"https:\/\/hkpbl.com\/index.php\/wp-json\/wp\/v2\/pages"}],"about":[{"href":"https:\/\/hkpbl.com\/index.php\/wp-json\/wp\/v2\/types\/page"}],"author":[{"embeddable":true,"href":"https:\/\/hkpbl.com\/index.php\/wp-json\/wp\/v2\/users\/2"}],"replies":[{"embeddable":true,"href":"https:\/\/hkpbl.com\/index.php\/wp-json\/wp\/v2\/comments?post=1579"}],"version-history":[{"count":4,"href":"https:\/\/hkpbl.com\/index.php\/wp-json\/wp\/v2\/pages\/1579\/revisions"}],"predecessor-version":[{"id":1583,"href":"https:\/\/hkpbl.com\/index.php\/wp-json\/wp\/v2\/pages\/1579\/revisions\/1583"}],"wp:attachment":[{"href":"https:\/\/hkpbl.com\/index.php\/wp-json\/wp\/v2\/media?parent=1579"}],"curies":[{"name":"wp","href":"https:\/\/api.w.org\/{rel}","templated":true}]}}